{"id":171,"date":"2025-02-16T06:16:13","date_gmt":"2025-02-16T06:16:13","guid":{"rendered":"https:\/\/e-linq.org\/?page_id=171"},"modified":"2025-07-08T03:40:29","modified_gmt":"2025-07-08T03:40:29","slug":"linq-research","status":"publish","type":"page","link":"https:\/\/e-linq.org\/?page_id=171","title":{"rendered":"Publications"},"content":{"rendered":"\n<div style=\"height:50px\" aria-hidden=\"true\" class=\"wp-block-spacer\"><\/div>\n\n\n\n<h2 class=\"wp-block-heading has-text-align-center\">Publications<\/h2>\n\n\n\n<div style=\"height:20px\" aria-hidden=\"true\" class=\"wp-block-spacer\"><\/div>\n\n\n\n<h3 class=\"wp-block-heading has-text-align-left\">Scale Development<\/h3>\n\n\n\n<p class=\"has-ast-global-color-4-background-color has-background\">Jones RC, Hyland ME, Hanney K, Erwin J.\u00a0<strong>A qualitative study of compliance with medication and lifestyle modification in Chronic Obstructive Pulmonary Disease (COPD).<\/strong>\u00a0Prim Care Respir J. 2004;13(3):149\u201354.<\/p>\n\n\n\n<p class=\"has-ast-global-color-5-background-color has-background\">Hyland ME.\u00a0<strong>Information needs in COPD patients : the Lung Information Needs Questionnaire.<\/strong>\u00a0Airways J. 2005;3:142\u20134.<\/p>\n\n\n\n<hr class=\"wp-block-separator has-alpha-channel-opacity is-style-wide\"\/>\n\n\n\n<div style=\"height:20px\" aria-hidden=\"true\" class=\"wp-block-spacer\"><\/div>\n\n\n\n<h3 class=\"wp-block-heading has-text-align-left\">Validation Study<\/h3>\n\n\n\n<p class=\"has-ast-global-color-4-background-color has-background\">Hyland ME, Jones RC, Hanney KE.\u00a0<strong>The Lung Information Needs Questionnaire: Development, preliminary validation and findings.<\/strong>Respir Med. 2006;100(10):1807\u201316.<\/p>\n\n\n\n<hr class=\"wp-block-separator has-alpha-channel-opacity is-style-wide\"\/>\n\n\n\n<div style=\"height:20px\" aria-hidden=\"true\" class=\"wp-block-spacer\"><\/div>\n\n\n\n<h3 class=\"wp-block-heading has-text-align-left\">Publications<\/h3>\n\n\n\n<p class=\"has-ast-global-color-5-background-color has-background\">Nohara SS, Souza GF, Le\u00e3o ME, Fleury AC, Jardim JR.&nbsp;<strong>Reproducibility of the Lung Information Needs Questionnaire Via Phone Call Compared With Face-to-face Application in Patients With Chronic Obstructive Pulmonary Disease<\/strong>. Archivos de bronconeumologia. 2025;61(3):166\u20137.<\/p>\n\n\n\n<p class=\"has-ast-global-color-4-background-color has-background\">Muijsenberg AJ, Houben-Wilke S, Tatousek J, Lacroix J, Spruit MA, Janssen DJ.&nbsp;<strong>Educational needs of people with COPD or asthma entering pulmonary rehabilitation and their significant others: A cross-sectional study.<\/strong>&nbsp;Chronic respiratory disease. 2025;22:14799731251316891.<\/p>\n\n\n\n<p class=\"has-ast-global-color-5-background-color has-background\">Flynn S, Mosher CL, Cornelison S, Rao E, Metzler KA, Pu W, et al.&nbsp;<strong>Feasibility, Usability, and Pilot Efficacy Study of a Software-Enabled, Virtual Pulmonary Rehabilitation with Remote Therapeutic Monitoring.<\/strong>&nbsp;International Journal of Chronic Obstructive Pulmonary Disease. 2025;20:231\u201341.<\/p>\n\n\n\n<p class=\"has-ast-global-color-4-background-color has-background\">Cheung CY, Yam WS, Palmer MD, Clarke S, Dc Man W, J Roberts N, et al.&nbsp;<strong>Is videoconference pulmonary rehabilitation associated with improvements in knowledge in people living with COPD? A propensity-matched service-evaluation.&nbsp;<\/strong>Chronic respiratory disease. 2025;22:14799731241310895.<\/p>\n\n\n\n<p class=\"has-ast-global-color-5-background-color has-background\">Kim SH, Cho HH, Myung-Jun S, Kim KU, Tae Sung P, Jun Yong P, et al.&nbsp;<strong>Prevalence and clinical characteristics of Sarcopenia in older adult patients with stable chronic obstructive pulmonary disease: a cross-sectional and follow-up study.<\/strong>&nbsp;BMC Pulmonary Medicine. 2024;24:1\u201310.<\/p>\n\n\n\n<p class=\"has-ast-global-color-4-background-color has-background\">Yao X, Li J, He J, Zhang Q, Yu Y, He Y, et al.&nbsp;<strong>A Kano model-based demand analysis and perceived barriers of pulmonary rehabilitation interventions for patients with chronic obstructive pulmonary disease in China.<\/strong>&nbsp;PLoS One. 2023;18(12).<\/p>\n\n\n\n<p class=\"has-ast-global-color-5-background-color has-background\">Tonguino Rosero S, \u00c1vila Valencia JC, Betancourt Pe\u00f1a J.&nbsp;<strong>Impact of telephone follow-up on COPD outcomes in pulmonary rehabilitation patients: A randomized clinical trial.<\/strong>&nbsp;Can J Respir Ther. 2023;59:245\u201355.<\/p>\n\n\n\n<p class=\"has-ast-global-color-4-background-color has-background\">Sandelowsky H, Krakau I, Modin S, St\u00e4llberg B, Nager A.&nbsp;<strong>Primary care patients with mild or stable chronic obstructive pulmonary disease need more support in disease management: a secondary analysis of a cluster randomized controlled trial.<\/strong>&nbsp;Scandinavian Journal of Primary Health Care. 2023;41(4):495\u2013504.<\/p>\n\n\n\n<p class=\"has-ast-global-color-5-background-color has-background\">Aljazeeri J, Almusally R, Wert Y, Abdelhalim M, Klinger C, Ramesh N, et al.&nbsp;<strong>Pulmonary Rehabilitation for Post-COVID-19.<\/strong>&nbsp;Journal of cardiopulmonary rehabilitation and prevention. 2023;43(6):438\u201343.<\/p>\n\n\n\n<p class=\"has-ast-global-color-4-background-color has-background\">Kim SH, Park HE, Yoon JA, Shin YB, Shin MJ, Kong IJ, et al.&nbsp;<strong>The Korean\u2010Lung Information Needs Questionnaire: Translation, validation and clinical implications in comprehensive pulmonary rehabilitation.<\/strong>&nbsp;The Clinical Respiratory Journal. 2022;16(5):343\u201351.<\/p>\n\n\n\n<p class=\"has-ast-global-color-5-background-color has-background\">Hajialibeigloo R, Moradi Y, Habibzadeh H, Baghaei R, Alinejad V, Mohammad Namazi N.&nbsp;<strong>The COVID-19 patients&#8217; educational needs assessment questionnaire (COPENAQ): development and psychometrics.<\/strong>&nbsp;Health and Quality of Life Outcomes. 2022;20:1\u201312.<\/p>\n\n\n\n<p class=\"has-ast-global-color-4-background-color has-background\">Bandurska E.&nbsp;<strong>The Voice of Patients Really Matters: Using Patient-Reported Outcomes and Experiences Measures to Assess Effectiveness of Home-Based Integrated Care-A Scoping Review of Practice.<\/strong>&nbsp;Healthcare (Basel). 2022;11(1).<\/p>\n\n\n\n<p class=\"has-ast-global-color-5-background-color has-background\">Annaka H, Nomura T, Moriyama H.&nbsp;<strong>Cognitive Function and the Ability to Operate Long-Term Oxygen Therapy Equipment: An Exploratory Study.<\/strong>&nbsp;International Journal of Environmental Research and Public Health. 2022;19(17):10708.<\/p>\n\n\n\n<p class=\"has-ast-global-color-4-background-color has-background\">Wakabayashi R, Bourbeau J, Sedeno MF, Motegi T, Kutsuzawa T, Urano T, et al.&nbsp;<strong>Multicentre comparison of self-management in patients with COPD.<\/strong>&nbsp;ERJ Open Res. 2021;7(3).<\/p>\n\n\n\n<p class=\"has-ast-global-color-5-background-color has-background\">Siltanen H, Aine T, Huhtala H, Kaunonen M, Paavilainen E.&nbsp;<strong>The information needs of people with COPD\u2014The holistic approach with special reference to gender and time since diagnosis.<\/strong>&nbsp;Nursing Open. 2021;8(5):2498\u2013508.<\/p>\n\n\n\n<p class=\"has-ast-global-color-4-background-color has-background\">Janssen SM, Vliet Vlieland TP, Volker G, Spruit MA, Abbink JJ.&nbsp;<strong>Pulmonary Rehabilitation Improves Self-Management Ability in Subjects With Obstructive Lung Disease.<\/strong>&nbsp;Respir Care. 2021;66(8):1271\u201381.<\/p>\n\n\n\n<p class=\"has-ast-global-color-5-background-color has-background\">Jang S, Kim Y, Cho WK.&nbsp;<strong>A Systematic Review and Meta-Analysis of Telemonitoring Interventions on Severe COPD Exacerbations.<\/strong>Int J Environ Res Public Health. 2021;18(13).<\/p>\n\n\n\n<p class=\"has-ast-global-color-4-background-color has-background\">Chiyesu W, Rasmussen S.&nbsp;<strong>Influence of a Pulmonary Rehabilitation Education Programme on Health Outcomes for Chronic Obstructive Pulmonary Disease (COPD).<\/strong>&nbsp;Kai Tiaki Nursing Research. 2021;12(1):49\u201359.<\/p>\n\n\n\n<p class=\"has-ast-global-color-5-background-color has-background\">Wouters TJ, van Dam van Isselt EF, Achterberg WP.&nbsp;<strong>Information needs of older patients living with chronic obstructive pulmonary disease (COPD) indicated for a specific geriatric rehabilitation programme: a prospective cohort study.<\/strong>&nbsp;Int J Palliat Nurs. 2020;26(5):238\u201345.<\/p>\n\n\n\n<p class=\"has-ast-global-color-4-background-color has-background\">Amado CA, P\u00e9rez-Garc\u00eda C, Tamayo FB, Ag\u00fcero-Calvo J, Mu\u00f1oz-Cacho P, Golpe R.&nbsp;<strong>Information Needs in COPD After an Educational Programme: Influence in Exacerbations and Admissions.<\/strong>&nbsp;International Journal of Chronic Obstructive Pulmonary Disease. 2020;15:2663\u201371.<\/p>\n\n\n\n<p class=\"has-ast-global-color-5-background-color has-background\">Wakabayashi R, Motegi T, Kida K.&nbsp;<strong>Gender Differences in Chronic Obstructive Pulmonary Disease Using the Lung Information Needs Questionnaire.<\/strong>&nbsp;SAGE Open Nursing. 2019;5.<\/p>\n\n\n\n<p class=\"has-ast-global-color-4-background-color has-background\">Sandelowsky H, Krakau I, Modin S, St\u00e4llberg B, Nager A.&nbsp;<strong>COPD patients need more information about self-management: a cross-sectional study in Swedish primary care.<\/strong>&nbsp;Scand J Prim Health Care. 2019;37(4):459\u201367.<\/p>\n\n\n\n<p class=\"has-ast-global-color-5-background-color has-background\">Barnett T, Jenkins A, Bouldin A, Crumby M, Morgan AK, Warren ML.&nbsp;<strong>Assessing Quality of Pharmacist-Led Education for Patients with COPD Using the Lung Information Needs Questionnaire: A Pilot Study.<\/strong>&nbsp;Innov Pharm. 2019;10(2).<\/p>\n\n\n\n<p class=\"has-ast-global-color-4-background-color has-background\">Wakabayashi R, Kusunoki Y, Hattori K, Motegi T, Furutate R, Itoh A, et al.&nbsp;<strong>Effectiveness of home-based exercise in older patients with advanced chronic obstructive pulmonary disease: A 3-year cohort study.<\/strong>&nbsp;Geriatr Gerontol Int. 2018;18(1):42\u20139.<\/p>\n\n\n\n<p class=\"has-ast-global-color-5-background-color has-background\">Janaudis-Ferreira T, Carr SJ, Harrison SL, Gershon AS, Milner SC, Carr S, et al.&nbsp;<strong>Can Patients With COPD Assimilate Disease-Specific Information During an Acute Exacerbation?: Results of a Pilot Randomized Controlled Trial.<\/strong>&nbsp;Chest. 2018;154(3):588\u201396.<\/p>\n\n\n\n<p class=\"has-ast-global-color-4-background-color has-background\">Blackstock FC, Goldstein RS, Kelly W, Lee A, Meek PM, Singh S, et al.&nbsp;<strong>Chronic Obstructive Pulmonary Disease Education in Pulmonary Rehabilitation.<\/strong>&nbsp;Annals of the American Thoracic Society. 2018;15(7):769\u201384.<\/p>\n\n\n\n<p class=\"has-ast-global-color-5-background-color has-background\">Sandelowsky H, Krakau I, Modin S, St\u00e4llberg B, Nager A.&nbsp;<strong>Case Method in COPD education for primary care physicians: study protocol for a cluster randomised controlled trial.<\/strong>&nbsp;Trials. 2017;18(1):197.<\/p>\n\n\n\n<p class=\"has-ast-global-color-4-background-color has-background\">Rocker GM, Amar C, Laframboise WL, Burns J, Verma JY.&nbsp;<strong>Spreading improvements for advanced COPD care through a Canadian Collaborative.&nbsp;<\/strong>International Journal of Chronic Obstructive Pulmonary Disease. 2017;12:2157\u201364.<\/p>\n\n\n\n<p class=\"has-ast-global-color-5-background-color has-background\">Early F, Young JS, Robinshaw E, Mi EZ, Fuld JP.&nbsp;<strong>A case series of an off-the-shelf online health resource with integrated nurse coaching to support self-management in COPD.<\/strong>&nbsp;International Journal of Chronic Obstructive Pulmonary Disease. 2017;12:2955\u201367.<\/p>\n\n\n\n<p class=\"has-ast-global-color-4-background-color has-background\">Cleutjens F, Spruit MA, Ponds R, Vanfleteren L, Franssen FME, Dijkstra JB, et al.&nbsp;<strong>The Impact of Cognitive Impairment on Efficacy of Pulmonary Rehabilitation in Patients With COPD.<\/strong>&nbsp;J Am Med Dir Assoc. 2017;18(5):420\u20136.<\/p>\n\n\n\n<p class=\"has-ast-global-color-5-background-color has-background\">Spruit MA, Singh SJ, Garvey C, ZuWallack R, Nici L, Rochester C, et al.&nbsp;<strong>An official American Thoracic Society\/European Respiratory Society statement: key concepts and advances in pulmonary rehabilitation.<\/strong>&nbsp;Am J Respir Crit Care Med. 2013;188(8):e13\u201364.<\/p>\n\n\n\n<p class=\"has-ast-global-color-4-background-color has-background\">Pinnock H, Hanley J, McCloughan L, Todd A, Krishan A, Lewis S, et al.&nbsp;<strong>Effectiveness of telemonitoring integrated into existing clinical services on hospital admission for exacerbation of chronic obstructive pulmonary disease: researcher blind, multicentre, randomised controlled trial.<\/strong>&nbsp;BMJ : British Medical Journal (Online). 2013;347.<\/p>\n\n\n\n<p class=\"has-ast-global-color-5-background-color has-background\">Hayton C, Clark A, Olive S, Browne P, Galey P, Knights E, et al.&nbsp;<strong>Barriers to pulmonary rehabilitation: characteristics that predict patient attendance and adherence.<\/strong>&nbsp;Respir Med. 2013;107(3):401\u20137.<\/p>\n\n\n\n<p class=\"has-ast-global-color-4-background-color has-background\">Wakabayashi R, Motegi T, Yamada K, Ishii T, Jones RC, Hyland ME, et al.&nbsp;<strong>Efficient integrated education for older patients with chronic obstructive pulmonary disease using the Lung Information Needs Questionnaire.&nbsp;<\/strong>Geriatr Gerontol Int. 2011;11(4):422\u201330.<\/p>\n\n\n\n<p class=\"has-ast-global-color-5-background-color has-background\">Scott AS, Baltzan MA, Dajczman E, Wolkove N.&nbsp;<strong>Patient knowledge in chronic obstructive pulmonary disease: back to basics.<\/strong>&nbsp;Copd. 2011;8(5):375\u20139.<\/p>\n\n\n\n<p class=\"has-ast-global-color-4-background-color has-background\">Dodd JW, Hogg L, Nolan J, Jefford H, Grant A, Lord VM, et al.&nbsp;<strong>The COPD assessment test (CAT): response to pulmonary rehabilitation. A multicentre, prospective study.<\/strong>&nbsp;Thorax. 2011;66(5):425.<\/p>\n\n\n\n<p class=\"has-ast-global-color-5-background-color has-background\">Barnett M.&nbsp;<strong>Promoting self-management for patients with COPD.<\/strong>&nbsp;Journal of Community Nursing. 2009;23.<\/p>\n\n\n\n<p class=\"has-ast-global-color-4-background-color has-background\">Sauro A, Greco A, Lo Greco P, Scalzitti F, Sirignano AR, Sortino D, et al.&nbsp;<strong>The COPD Italian Lung Information Needs Questionnaire (LINQ): development, preliminary validation, and findings.<\/strong>&nbsp;Eur J Gen Pract. 2008;14(2):65\u20137.<\/p>\n\n\n\n<p class=\"has-ast-global-color-5-background-color has-background\">Jones RCM, Wang X, Harding S, Bott J, Hyland M.&nbsp;<strong>Educational impact of pulmonary rehabilitation: Lung Information Needs Questionnaire.<\/strong>&nbsp;Respiratory Medicine. 2008;102(10):1439\u201345.<\/p>\n\n\n\n<p class=\"has-ast-global-color-4-background-color has-background\">Jones R.&nbsp;<strong>Too little, too late&#8211;the patients&#8217; perspective on education for COPD.<\/strong>&nbsp;Chron Respir Dis. 2007;4(4):189\u201390.<\/p>\n\n\n\n<p class=\"has-ast-global-color-5-background-color has-background\">Jones RCM, Hyland ME, Hanney KE.&nbsp;<strong>Preliminary data from the Lung Information Needs Questionnaire (LINQ).<\/strong>&nbsp;Primary Care Respiratory Journal. 2005;14(5):270\u20131.<\/p>\n\n\n\n<p><\/p>\n","protected":false},"excerpt":{"rendered":"<p>Publications Scale Development Jones RC, Hyland ME, Hanney K, Erwin J.\u00a0A qualitative study of compliance with medication and lifestyle modification [&hellip;]<\/p>\n","protected":false},"author":1,"featured_media":0,"parent":0,"menu_order":0,"comment_status":"closed","ping_status":"closed","template":"","meta":{"_uag_custom_page_level_css":"","site-sidebar-layout":"default","site-content-layout":"","ast-site-content-layout":"","site-content-style":"default","site-sidebar-style":"default","ast-global-header-display":"","ast-banner-title-visibility":"","ast-main-header-display":"","ast-hfb-above-header-display":"","ast-hfb-below-header-display":"","ast-hfb-mobile-header-display":"","site-post-title":"disabled","ast-breadcrumbs-content":"","ast-featured-img":"","footer-sml-layout":"","ast-disable-related-posts":"","theme-transparent-header-meta":"","adv-header-id-meta":"","stick-header-meta":"","header-above-stick-meta":"","header-main-stick-meta":"","header-below-stick-meta":"","astra-migrate-meta-layouts":"default","ast-page-background-enabled":"default","ast-page-background-meta":{"desktop":{"background-color":"var(--ast-global-color-5)","background-image":"","background-repeat":"repeat","background-position":"center center","background-size":"auto","background-attachment":"scroll","background-type":"","background-media":"","overlay-type":"","overlay-color":"","overlay-opacity":"","overlay-gradient":""},"tablet":{"background-color":"","background-image":"","background-repeat":"repeat","background-position":"center center","background-size":"auto","background-attachment":"scroll","background-type":"","background-media":"","overlay-type":"","overlay-color":"","overlay-opacity":"","overlay-gradient":""},"mobile":{"background-color":"","background-image":"","background-repeat":"repeat","background-position":"center center","background-size":"auto","background-attachment":"scroll","background-type":"","background-media":"","overlay-type":"","overlay-color":"","overlay-opacity":"","overlay-gradient":""}},"ast-content-background-meta":{"desktop":{"background-color":"var(--ast-global-color-4)","background-image":"","background-repeat":"repeat","background-position":"center center","background-size":"auto","background-attachment":"scroll","background-type":"","background-media":"","overlay-type":"","overlay-color":"","overlay-opacity":"","overlay-gradient":""},"tablet":{"background-color":"var(--ast-global-color-4)","background-image":"","background-repeat":"repeat","background-position":"center center","background-size":"auto","background-attachment":"scroll","background-type":"","background-media":"","overlay-type":"","overlay-color":"","overlay-opacity":"","overlay-gradient":""},"mobile":{"background-color":"var(--ast-global-color-4)","background-image":"","background-repeat":"repeat","background-position":"center center","background-size":"auto","background-attachment":"scroll","background-type":"","background-media":"","overlay-type":"","overlay-color":"","overlay-opacity":"","overlay-gradient":""}},"footnotes":""},"class_list":["post-171","page","type-page","status-publish","hentry"],"yoast_head":"<!-- This site is optimized with the Yoast SEO plugin v27.5 - https:\/\/yoast.com\/product\/yoast-seo-wordpress\/ -->\n<title>LINQ Studies | Published Research &amp; Validation<\/title>\n<meta name=\"description\" content=\"A collection of studies on the LINQ Questionnaire, including validation, development, and COPD education research.\" \/>\n<meta name=\"robots\" content=\"index, follow, max-snippet:-1, max-image-preview:large, max-video-preview:-1\" \/>\n<link rel=\"canonical\" href=\"https:\/\/e-linq.org\/?page_id=171\" \/>\n<meta property=\"og:locale\" content=\"en_US\" \/>\n<meta property=\"og:type\" content=\"article\" \/>\n<meta property=\"og:title\" content=\"LINQ Studies | Published Research &amp; Validation\" \/>\n<meta property=\"og:description\" content=\"A collection of studies on the LINQ Questionnaire, including validation, development, and COPD education research.\" \/>\n<meta property=\"og:url\" content=\"https:\/\/e-linq.org\/?page_id=171\" \/>\n<meta property=\"article:modified_time\" content=\"2025-07-08T03:40:29+00:00\" \/>\n<meta name=\"twitter:card\" content=\"summary_large_image\" \/>\n<meta name=\"twitter:label1\" content=\"Est. reading time\" \/>\n\t<meta name=\"twitter:data1\" content=\"6 minutes\" \/>\n<script type=\"application\/ld+json\" class=\"yoast-schema-graph\">{\"@context\":\"https:\\\/\\\/schema.org\",\"@graph\":[{\"@type\":\"WebPage\",\"@id\":\"https:\\\/\\\/e-linq.org\\\/?page_id=171\",\"url\":\"https:\\\/\\\/e-linq.org\\\/?page_id=171\",\"name\":\"LINQ Studies | Published Research & Validation\",\"isPartOf\":{\"@id\":\"https:\\\/\\\/e-linq.org\\\/#website\"},\"datePublished\":\"2025-02-16T06:16:13+00:00\",\"dateModified\":\"2025-07-08T03:40:29+00:00\",\"description\":\"A collection of studies on the LINQ Questionnaire, including validation, development, and COPD education research.\",\"breadcrumb\":{\"@id\":\"https:\\\/\\\/e-linq.org\\\/?page_id=171#breadcrumb\"},\"inLanguage\":\"en-US\",\"potentialAction\":[{\"@type\":\"ReadAction\",\"target\":[\"https:\\\/\\\/e-linq.org\\\/?page_id=171\"]}]},{\"@type\":\"BreadcrumbList\",\"@id\":\"https:\\\/\\\/e-linq.org\\\/?page_id=171#breadcrumb\",\"itemListElement\":[{\"@type\":\"ListItem\",\"position\":1,\"name\":\"Home\",\"item\":\"https:\\\/\\\/e-linq.org\\\/\"},{\"@type\":\"ListItem\",\"position\":2,\"name\":\"Publications\"}]},{\"@type\":\"WebSite\",\"@id\":\"https:\\\/\\\/e-linq.org\\\/#website\",\"url\":\"https:\\\/\\\/e-linq.org\\\/\",\"name\":\"e-linq.org\",\"description\":\"\",\"publisher\":{\"@id\":\"https:\\\/\\\/e-linq.org\\\/#organization\"},\"potentialAction\":[{\"@type\":\"SearchAction\",\"target\":{\"@type\":\"EntryPoint\",\"urlTemplate\":\"https:\\\/\\\/e-linq.org\\\/?s={search_term_string}\"},\"query-input\":{\"@type\":\"PropertyValueSpecification\",\"valueRequired\":true,\"valueName\":\"search_term_string\"}}],\"inLanguage\":\"en-US\"},{\"@type\":\"Organization\",\"@id\":\"https:\\\/\\\/e-linq.org\\\/#organization\",\"name\":\"LINQ Questionnaire\",\"url\":\"https:\\\/\\\/e-linq.org\\\/\",\"logo\":{\"@type\":\"ImageObject\",\"inLanguage\":\"en-US\",\"@id\":\"https:\\\/\\\/e-linq.org\\\/#\\\/schema\\\/logo\\\/image\\\/\",\"url\":\"https:\\\/\\\/e-linq.org\\\/wp-content\\\/uploads\\\/2025\\\/03\\\/logo-no-background-2.png\",\"contentUrl\":\"https:\\\/\\\/e-linq.org\\\/wp-content\\\/uploads\\\/2025\\\/03\\\/logo-no-background-2.png\",\"width\":1500,\"height\":353,\"caption\":\"LINQ Questionnaire\"},\"image\":{\"@id\":\"https:\\\/\\\/e-linq.org\\\/#\\\/schema\\\/logo\\\/image\\\/\"}}]}<\/script>\n<!-- \/ Yoast SEO plugin. -->","yoast_head_json":{"title":"LINQ Studies | Published Research & Validation","description":"A collection of studies on the LINQ Questionnaire, including validation, development, and COPD education research.","robots":{"index":"index","follow":"follow","max-snippet":"max-snippet:-1","max-image-preview":"max-image-preview:large","max-video-preview":"max-video-preview:-1"},"canonical":"https:\/\/e-linq.org\/?page_id=171","og_locale":"en_US","og_type":"article","og_title":"LINQ Studies | Published Research & Validation","og_description":"A collection of studies on the LINQ Questionnaire, including validation, development, and COPD education research.","og_url":"https:\/\/e-linq.org\/?page_id=171","article_modified_time":"2025-07-08T03:40:29+00:00","twitter_card":"summary_large_image","twitter_misc":{"Est. reading time":"6 minutes"},"schema":{"@context":"https:\/\/schema.org","@graph":[{"@type":"WebPage","@id":"https:\/\/e-linq.org\/?page_id=171","url":"https:\/\/e-linq.org\/?page_id=171","name":"LINQ Studies | Published Research & Validation","isPartOf":{"@id":"https:\/\/e-linq.org\/#website"},"datePublished":"2025-02-16T06:16:13+00:00","dateModified":"2025-07-08T03:40:29+00:00","description":"A collection of studies on the LINQ Questionnaire, including validation, development, and COPD education research.","breadcrumb":{"@id":"https:\/\/e-linq.org\/?page_id=171#breadcrumb"},"inLanguage":"en-US","potentialAction":[{"@type":"ReadAction","target":["https:\/\/e-linq.org\/?page_id=171"]}]},{"@type":"BreadcrumbList","@id":"https:\/\/e-linq.org\/?page_id=171#breadcrumb","itemListElement":[{"@type":"ListItem","position":1,"name":"Home","item":"https:\/\/e-linq.org\/"},{"@type":"ListItem","position":2,"name":"Publications"}]},{"@type":"WebSite","@id":"https:\/\/e-linq.org\/#website","url":"https:\/\/e-linq.org\/","name":"e-linq.org","description":"","publisher":{"@id":"https:\/\/e-linq.org\/#organization"},"potentialAction":[{"@type":"SearchAction","target":{"@type":"EntryPoint","urlTemplate":"https:\/\/e-linq.org\/?s={search_term_string}"},"query-input":{"@type":"PropertyValueSpecification","valueRequired":true,"valueName":"search_term_string"}}],"inLanguage":"en-US"},{"@type":"Organization","@id":"https:\/\/e-linq.org\/#organization","name":"LINQ Questionnaire","url":"https:\/\/e-linq.org\/","logo":{"@type":"ImageObject","inLanguage":"en-US","@id":"https:\/\/e-linq.org\/#\/schema\/logo\/image\/","url":"https:\/\/e-linq.org\/wp-content\/uploads\/2025\/03\/logo-no-background-2.png","contentUrl":"https:\/\/e-linq.org\/wp-content\/uploads\/2025\/03\/logo-no-background-2.png","width":1500,"height":353,"caption":"LINQ Questionnaire"},"image":{"@id":"https:\/\/e-linq.org\/#\/schema\/logo\/image\/"}}]}},"uagb_featured_image_src":{"full":false,"thumbnail":false,"medium":false,"medium_large":false,"large":false,"1536x1536":false,"2048x2048":false},"uagb_author_info":{"display_name":"admin","author_link":"https:\/\/e-linq.org\/?author=1"},"uagb_comment_info":0,"uagb_excerpt":"Publications Scale Development Jones RC, Hyland ME, Hanney K, Erwin J.\u00a0A qualitative study of compliance with medication and lifestyle modification [&hellip;]","_links":{"self":[{"href":"https:\/\/e-linq.org\/index.php?rest_route=\/wp\/v2\/pages\/171","targetHints":{"allow":["GET"]}}],"collection":[{"href":"https:\/\/e-linq.org\/index.php?rest_route=\/wp\/v2\/pages"}],"about":[{"href":"https:\/\/e-linq.org\/index.php?rest_route=\/wp\/v2\/types\/page"}],"author":[{"embeddable":true,"href":"https:\/\/e-linq.org\/index.php?rest_route=\/wp\/v2\/users\/1"}],"replies":[{"embeddable":true,"href":"https:\/\/e-linq.org\/index.php?rest_route=%2Fwp%2Fv2%2Fcomments&post=171"}],"version-history":[{"count":15,"href":"https:\/\/e-linq.org\/index.php?rest_route=\/wp\/v2\/pages\/171\/revisions"}],"predecessor-version":[{"id":649,"href":"https:\/\/e-linq.org\/index.php?rest_route=\/wp\/v2\/pages\/171\/revisions\/649"}],"wp:attachment":[{"href":"https:\/\/e-linq.org\/index.php?rest_route=%2Fwp%2Fv2%2Fmedia&parent=171"}],"curies":[{"name":"wp","href":"https:\/\/api.w.org\/{rel}","templated":true}]}}